{"id":5,"date":"2021-09-02T10:41:55","date_gmt":"2021-09-02T10:41:55","guid":{"rendered":"https:\/\/landl1206.com\/?page_id=5"},"modified":"2023-04-28T13:23:59","modified_gmt":"2023-04-28T11:23:59","slug":"keszitse-el-webhelyet-blokkokkal","status":"publish","type":"page","link":"https:\/\/keyvoicetech.hu\/","title":{"rendered":"Teljesk\u00f6r\u00fc informatikai szolg\u00e1ltat\u00e1s a KeyVoiceTech kft seg\u00edts\u00e9g\u00e9vel"},"content":{"rendered":"\n<figure class=\"wp-block-image size-full is-resized is-style-rounded\"><img loading=\"lazy\" decoding=\"async\" src=\"https:\/\/landl1206.com\/wp-content\/uploads\/2021\/09\/Support-1.jpg\" alt=\"\" class=\"wp-image-62\" width=\"277\" height=\"180\"\/><figcaption class=\"wp-element-caption\"><strong>Szaktan\u00e1csad\u00e1s, fejleszt\u00e9s<\/strong><\/figcaption><\/figure>\n\n\n\n<figure class=\"wp-block-image size-full is-style-rounded\"><img loading=\"lazy\" decoding=\"async\" width=\"276\" height=\"180\" src=\"https:\/\/landl1206.com\/wp-content\/uploads\/2021\/09\/javitas-1.jpg\" alt=\"dkshalkshdlksahdlksahdlka\" class=\"wp-image-63\"\/><figcaption class=\"wp-element-caption\"><strong>Munka\u00e1llom\u00e1sok \u00e9s szerverek karbantart\u00e1sa<\/strong><\/figcaption><\/figure>\n\n\n\n<figure class=\"wp-block-image size-full is-resized is-style-rounded\"><img loading=\"lazy\" decoding=\"async\" src=\"https:\/\/landl1206.com\/wp-content\/uploads\/2021\/09\/Halozatepites-1.jpg\" alt=\"\" class=\"wp-image-64\" width=\"277\" height=\"180\"\/><figcaption class=\"wp-element-caption\"><strong>Sz\u00e1m\u00edt\u00f3g\u00e9p \u00e9s telefon h\u00e1l\u00f3zatok ki\u00e9p\u00edt\u00e9se \u00e9s karbantart\u00e1sa<\/strong><\/figcaption><\/figure>\n\n\n\n<figure class=\"wp-block-image size-full is-style-rounded\"><img loading=\"lazy\" decoding=\"async\" width=\"267\" height=\"180\" src=\"https:\/\/landl1206.com\/wp-content\/uploads\/2021\/09\/Remote-support-1-1.jpg\" alt=\"\" class=\"wp-image-66\"\/><figcaption class=\"wp-element-caption\"><strong>T\u00e1voli \u00e9s helyi informatikai seg\u00edts\u00e9gny\u00fajt\u00e1s<\/strong><\/figcaption><\/figure>\n\n\n\n<figure class=\"wp-block-image size-full is-resized is-style-rounded\"><img loading=\"lazy\" decoding=\"async\" src=\"https:\/\/landl1206.com\/wp-content\/uploads\/2021\/09\/Weboldalkeszites-1.jpg\" alt=\"\" class=\"wp-image-67\" width=\"270\" height=\"180\"\/><figcaption class=\"wp-element-caption\"><strong>Weboldalak k\u00e9sz\u00edt\u00e9se, tov\u00e1bbfejleszt\u00e9se<\/strong><\/figcaption><\/figure>\n\n\n\n<figure class=\"wp-block-image size-full is-resized is-style-rounded\"><img loading=\"lazy\" decoding=\"async\" src=\"https:\/\/landl1206.com\/wp-content\/uploads\/2021\/09\/Adatmentes-1.jpg\" alt=\"\" class=\"wp-image-68\" width=\"275\" height=\"180\"\/><figcaption class=\"wp-element-caption\"><strong>Biztons\u00e1gi ment\u00e9sek k\u00e9sz\u00edt\u00e9se \u00e9s fel\u00fcgyelete<\/strong><\/figcaption><\/figure>\n\n\n\n<p><\/p>\n","protected":false},"excerpt":{"rendered":"","protected":false},"author":1,"featured_media":0,"parent":0,"menu_order":0,"comment_status":"closed","ping_status":"closed","template":"","meta":{"footnotes":""},"class_list":["post-5","page","type-page","status-publish","hentry"],"aioseo_notices":[],"_links":{"self":[{"href":"https:\/\/keyvoicetech.hu\/index.php?rest_route=\/wp\/v2\/pages\/5","targetHints":{"allow":["GET"]}}],"collection":[{"href":"https:\/\/keyvoicetech.hu\/index.php?rest_route=\/wp\/v2\/pages"}],"about":[{"href":"https:\/\/keyvoicetech.hu\/index.php?rest_route=\/wp\/v2\/types\/page"}],"author":[{"embeddable":true,"href":"https:\/\/keyvoicetech.hu\/index.php?rest_route=\/wp\/v2\/users\/1"}],"replies":[{"embeddable":true,"href":"https:\/\/keyvoicetech.hu\/index.php?rest_route=%2Fwp%2Fv2%2Fcomments&post=5"}],"version-history":[{"count":10,"href":"https:\/\/keyvoicetech.hu\/index.php?rest_route=\/wp\/v2\/pages\/5\/revisions"}],"predecessor-version":[{"id":92,"href":"https:\/\/keyvoicetech.hu\/index.php?rest_route=\/wp\/v2\/pages\/5\/revisions\/92"}],"wp:attachment":[{"href":"https:\/\/keyvoicetech.hu\/index.php?rest_route=%2Fwp%2Fv2%2Fmedia&parent=5"}],"curies":[{"name":"wp","href":"https:\/\/api.w.org\/{rel}","templated":true}]}}