{"id":7,"date":"2021-09-02T10:41:55","date_gmt":"2021-09-02T10:41:55","guid":{"rendered":"https:\/\/landl1206.com\/?page_id=7"},"modified":"2024-02-26T17:34:43","modified_gmt":"2024-02-26T15:34:43","slug":"elerhetoseg","status":"publish","type":"page","link":"https:\/\/keyvoicetech.hu\/?page_id=7","title":{"rendered":"El\u00e9rhet\u0151s\u00e9g"},"content":{"rendered":"\n<h2 class=\"wp-block-heading\"><\/h2>\n\n\n\n<figure class=\"wp-block-pullquote alignwide is-style-default\"><blockquote><p>Kapcsolattart\u00e1si telefonsz\u00e1m:<\/p><cite>+36-30-515-5556<\/cite><\/blockquote><\/figure>\n\n\n\n<figure class=\"wp-block-pullquote alignwide is-style-default\"><blockquote><p>Email c\u00edm:<\/p><cite>keyvoicetech@gmail.com<\/cite><\/blockquote><\/figure>\n\n\n\n<p><\/p>\n\n\n\n<p><\/p>\n","protected":false},"excerpt":{"rendered":"<p>Kapcsolattart\u00e1si telefonsz\u00e1m: +36-30-515-5556 Email c\u00edm: keyvoicetech@gmail.com<\/p>\n","protected":false},"author":1,"featured_media":0,"parent":0,"menu_order":0,"comment_status":"closed","ping_status":"closed","template":"","meta":{"footnotes":""},"class_list":["post-7","page","type-page","status-publish","hentry"],"aioseo_notices":[],"_links":{"self":[{"href":"https:\/\/keyvoicetech.hu\/index.php?rest_route=\/wp\/v2\/pages\/7","targetHints":{"allow":["GET"]}}],"collection":[{"href":"https:\/\/keyvoicetech.hu\/index.php?rest_route=\/wp\/v2\/pages"}],"about":[{"href":"https:\/\/keyvoicetech.hu\/index.php?rest_route=\/wp\/v2\/types\/page"}],"author":[{"embeddable":true,"href":"https:\/\/keyvoicetech.hu\/index.php?rest_route=\/wp\/v2\/users\/1"}],"replies":[{"embeddable":true,"href":"https:\/\/keyvoicetech.hu\/index.php?rest_route=%2Fwp%2Fv2%2Fcomments&post=7"}],"version-history":[{"count":8,"href":"https:\/\/keyvoicetech.hu\/index.php?rest_route=\/wp\/v2\/pages\/7\/revisions"}],"predecessor-version":[{"id":96,"href":"https:\/\/keyvoicetech.hu\/index.php?rest_route=\/wp\/v2\/pages\/7\/revisions\/96"}],"wp:attachment":[{"href":"https:\/\/keyvoicetech.hu\/index.php?rest_route=%2Fwp%2Fv2%2Fmedia&parent=7"}],"curies":[{"name":"wp","href":"https:\/\/api.w.org\/{rel}","templated":true}]}}